{"id":1188,"date":"2026-01-29T12:19:20","date_gmt":"2026-01-29T12:19:20","guid":{"rendered":"https:\/\/rmsurfaces.es\/proyectos\/"},"modified":"2026-02-16T13:38:03","modified_gmt":"2026-02-16T13:38:03","slug":"proyectos","status":"publish","type":"page","link":"https:\/\/rmsurfaces.es\/es\/proyectos\/","title":{"rendered":"Proyectos"},"content":{"rendered":"[vc_row type=\u00bbfull_width_background\u00bb full_screen_row_position=\u00bbmiddle\u00bb column_margin=\u00bbdefault\u00bb equal_height=\u00bbyes\u00bb content_placement=\u00bbmiddle\u00bb column_direction=\u00bbdefault\u00bb column_direction_tablet=\u00bbdefault\u00bb column_direction_phone=\u00bbdefault\u00bb scene_position=\u00bbcenter\u00bb top_padding=\u00bb8%\u00bb constrain_group_1=\u00bbyes\u00bb bottom_padding=\u00bb8%\u00bb left_padding_desktop=\u00bb4%\u00bb constrain_group_2=\u00bbyes\u00bb right_padding_desktop=\u00bb4%\u00bb text_color=\u00bbdark\u00bb text_align=\u00bbleft\u00bb row_border_radius=\u00bbnone\u00bb row_border_radius_applies=\u00bbbg\u00bb overflow=\u00bbvisible\u00bb overlay_strength=\u00bb0.3&#8243; gradient_direction=\u00bbleft_to_right\u00bb shape_divider_position=\u00bbbottom\u00bb bg_image_animation=\u00bbnone\u00bb gradient_type=\u00bbdefault\u00bb shape_type=\u00bb\u00bb][vc_column column_padding=\u00bbno-extra-padding\u00bb column_padding_tablet=\u00bbinherit\u00bb column_padding_phone=\u00bbinherit\u00bb column_padding_position=\u00bball\u00bb column_element_direction_desktop=\u00bbdefault\u00bb column_element_spacing=\u00bbdefault\u00bb desktop_text_alignment=\u00bbdefault\u00bb tablet_text_alignment=\u00bbdefault\u00bb phone_text_alignment=\u00bbdefault\u00bb background_color_opacity=\u00bb1&#8243; background_hover_color_opacity=\u00bb1&#8243; column_backdrop_filter=\u00bbnone\u00bb column_shadow=\u00bbnone\u00bb column_border_radius=\u00bbnone\u00bb column_link_target=\u00bb_self\u00bb column_position=\u00bbdefault\u00bb gradient_direction=\u00bbleft_to_right\u00bb overlay_strength=\u00bb0.3&#8243; width=\u00bb1\/2&#8243; tablet_width_inherit=\u00bbdefault\u00bb animation_type=\u00bbdefault\u00bb bg_image_animation=\u00bbnone\u00bb border_type=\u00bbsimple\u00bb column_border_width=\u00bbnone\u00bb column_border_style=\u00bbsolid\u00bb][vc_column_text css=\u00bb.vc_custom_1769688573581{margin-bottom: 10px !important;}\u00bb text_direction=\u00bbdefault\u00bb]PRESENTAMOS NUESTRA[\/vc_column_text][vc_column_text css=\u00bb.vc_custom_1769688589823{margin-bottom: 15px !important;}\u00bb text_direction=\u00bbdefault\u00bb]\n<h1>Proyectos Emblem\u00e1ticos<br \/>\n<\/h1>\n[\/vc_column_text][\/vc_column][vc_column column_padding=\u00bbno-extra-padding\u00bb column_padding_tablet=\u00bbinherit\u00bb column_padding_phone=\u00bbinherit\u00bb column_padding_position=\u00bball\u00bb column_element_direction_desktop=\u00bbdefault\u00bb column_element_spacing=\u00bbdefault\u00bb desktop_text_alignment=\u00bbdefault\u00bb tablet_text_alignment=\u00bbdefault\u00bb phone_text_alignment=\u00bbdefault\u00bb background_color_opacity=\u00bb1&#8243; background_hover_color_opacity=\u00bb1&#8243; column_backdrop_filter=\u00bbnone\u00bb column_shadow=\u00bbnone\u00bb column_border_radius=\u00bbnone\u00bb column_link_target=\u00bb_self\u00bb column_position=\u00bbdefault\u00bb gradient_direction=\u00bbleft_to_right\u00bb overlay_strength=\u00bb0.3&#8243; width=\u00bb1\/2&#8243; tablet_width_inherit=\u00bbdefault\u00bb animation_type=\u00bbdefault\u00bb bg_image_animation=\u00bbnone\u00bb border_type=\u00bbsimple\u00bb column_border_width=\u00bbnone\u00bb column_border_style=\u00bbsolid\u00bb][vc_column_text css=\u00bb\u00bb text_direction=\u00bbdefault\u00bb]\n<p data-start=\"411\" data-end=\"721\">RM Surfaces participa en desarrollos residenciales y comerciales de lujo, donde el dise\u00f1o, la exclusividad y la calidad de los materiales son clave. Cada proyecto se aborda con una mentalidad de servicio integral, desde la selecci\u00f3n de materiales hasta la instalaci\u00f3n final, asegurando resultados que cumplen con los m\u00e1s altos est\u00e1ndares de la arquitectura contempor\u00e1nea. <\/p>\n<p data-start=\"723\" data-end=\"925\">Con una amplia experiencia en piedra natural y superficies porcel\u00e1nicas de gran formato, RM Surfaces crea espacios elegantes, funcionales y atemporales que se integran a la perfecci\u00f3n en conceptos arquitect\u00f3nicos de primera calidad.<\/p>\n[\/vc_column_text][\/vc_column][\/vc_row][vc_row type=\u00bbfull_width_background\u00bb full_screen_row_position=\u00bbmiddle\u00bb column_margin=\u00bbdefault\u00bb column_direction=\u00bbdefault\u00bb column_direction_tablet=\u00bbdefault\u00bb column_direction_phone=\u00bbdefault\u00bb scene_position=\u00bbcenter\u00bb bottom_margin=\u00bb10&#8243; text_color=\u00bbdark\u00bb text_align=\u00bbleft\u00bb row_border_radius=\u00bbnone\u00bb row_border_radius_applies=\u00bbbg\u00bb overflow=\u00bbvisible\u00bb overlay_strength=\u00bb0.3&#8243; gradient_direction=\u00bbleft_to_right\u00bb shape_divider_position=\u00bbbottom\u00bb bg_image_animation=\u00bbnone\u00bb gradient_type=\u00bbdefault\u00bb shape_type=\u00bb\u00bb][vc_column column_padding=\u00bbno-extra-padding\u00bb column_padding_tablet=\u00bbinherit\u00bb column_padding_phone=\u00bbinherit\u00bb column_padding_position=\u00bball\u00bb column_element_direction_desktop=\u00bbdefault\u00bb column_element_spacing=\u00bbdefault\u00bb desktop_text_alignment=\u00bbdefault\u00bb tablet_text_alignment=\u00bbdefault\u00bb phone_text_alignment=\u00bbdefault\u00bb background_color_opacity=\u00bb1&#8243; background_hover_color_opacity=\u00bb1&#8243; column_backdrop_filter=\u00bbnone\u00bb column_shadow=\u00bbnone\u00bb column_border_radius=\u00bbnone\u00bb column_link_target=\u00bb_self\u00bb column_position=\u00bbdefault\u00bb gradient_direction=\u00bbleft_to_right\u00bb overlay_strength=\u00bb0.3&#8243; width=\u00bb1\/1&#8243; tablet_width_inherit=\u00bbdefault\u00bb animation_type=\u00bbdefault\u00bb enable_animation=\u00bbtrue\u00bb animation=\u00bbslight-fade-in-from-bottom\u00bb animation_easing=\u00bbdefault\u00bb bg_image_animation=\u00bbnone\u00bb border_type=\u00bbsimple\u00bb column_border_width=\u00bbnone\u00bb column_border_style=\u00bbsolid\u00bb column_padding_type=\u00bbdefault\u00bb gradient_type=\u00bbdefault\u00bb delay=\u00bb100&#8243;][nectar_post_grid post_type=\u00bbportfolio\u00bb portfolio_category=\u00bball\u00bb portfolio_starting_category=\u00bball\u00bb order=\u00bbASC\u00bb orderby=\u00bbtitle\u00bb pagination=\u00bbload-more\u00bb button_color=\u00bbblack\u00bb columns=\u00bb2&#8243; columns_tablet=\u00bbdefault\u00bb columns_phone=\u00bbdefault\u00bb grid_item_spacing=\u00bb10px\u00bb grid_item_height=\u00bb30vh\u00bb enable_sortable=\u00bbyes\u00bb sortable_alignment=\u00bbleft\u00bb sortable_color=\u00bbdefault\u00bb image_size=\u00bbfull\u00bb overlaid_aspect_ratio_image_size=\u00bbyes\u00bb overlaid_custom_image_aspect_ratio=\u00bb4-3&#8243; image_loading=\u00bblazy-load\u00bb animation=\u00bbnone\u00bb animation_stagger=\u00bb90&#8243; animation_easing=\u00bbdefault\u00bb parallax_scrolling=\u00bbyes\u00bb heading_tag=\u00bbh3&#8243; font_size_max=\u00bb54px\u00bb display_categories=\u00bbyes\u00bb category_functionality=\u00bbstatic\u00bb category_position=\u00bboverlaid\u00bb category_style=\u00bbbutton\u00bb category_button_color=\u00bbrgba(10,10,10,0.2)\u00bb category_display=\u00bbdefault\u00bb additional_meta_size=\u00bbdefault\u00bb custom_fields_location=\u00bbbefore_post_meta\u00bb grid_style=\u00bbcontent_overlaid\u00bb text_content_layout=\u00bbcorners\u00bb color_overlay=\u00bb#0a0a0a\u00bb color_overlay_opacity=\u00bb0&#8243; color_overlay_hover_opacity=\u00bb0.2&#8243; text_color=\u00bblight\u00bb text_color_hover=\u00bblight\u00bb text_opacity=\u00bb1&#8243; text_hover_opacity=\u00bb1&#8243; hover_effect=\u00bbzoom\u00bb border_radius=\u00bb25px\u00bb display_type=\u00bbgrid\u00bb custom_font_size=\u00bb3vw\u00bb image_loading_lazy_skip=\u00bb3&#8243; font_size_tablet=\u00bb5vw\u00bb font_size_phone=\u00bb34px\u00bb][\/vc_column][\/vc_row]\n","protected":false},"excerpt":{"rendered":"<p>[vc_row type=\u00bbfull_width_background\u00bb full_screen_row_position=\u00bbmiddle\u00bb column_margin=\u00bbdefault\u00bb equal_height=\u00bbyes\u00bb content_placement=\u00bbmiddle\u00bb column_direction=\u00bbdefault\u00bb column_direction_tablet=\u00bbdefault\u00bb column_direction_phone=\u00bbdefault\u00bb scene_position=\u00bbcenter\u00bb top_padding=\u00bb8%\u00bb constrain_group_1=\u00bbyes\u00bb bottom_padding=\u00bb8%\u00bb left_padding_desktop=\u00bb4%\u00bb constrain_group_2=\u00bbyes\u00bb right_padding_desktop=\u00bb4%\u00bb text_color=\u00bbdark\u00bb text_align=\u00bbleft\u00bb row_border_radius=\u00bbnone\u00bb row_border_radius_applies=\u00bbbg\u00bb overflow=\u00bbvisible\u00bb overlay_strength=\u00bb0.3&#8243; gradient_direction=\u00bbleft_to_right\u00bb shape_divider_position=\u00bbbottom\u00bb bg_image_animation=\u00bbnone\u00bb gradient_type=\u00bbdefault\u00bb shape_type=\u00bb\u00bb][vc_column column_padding=\u00bbno-extra-padding\u00bb column_padding_tablet=\u00bbinherit\u00bb column_padding_phone=\u00bbinherit\u00bb&#8230;<\/p>\n","protected":false},"author":1,"featured_media":0,"parent":0,"menu_order":0,"comment_status":"closed","ping_status":"closed","template":"","meta":{"_acf_changed":false,"inline_featured_image":false,"footnotes":""},"class_list":["post-1188","page","type-page","status-publish"],"acf":[],"yoast_head":"<!-- This site is optimized with the Yoast SEO plugin v26.3 - https:\/\/yoast.com\/wordpress\/plugins\/seo\/ -->\n<title>Proyectos - RM Surfaces<\/title>\n<meta name=\"robots\" content=\"index, follow, max-snippet:-1, max-image-preview:large, max-video-preview:-1\" \/>\n<link rel=\"canonical\" href=\"https:\/\/rmsurfaces.es\/es\/proyectos\/\" \/>\n<meta property=\"og:locale\" content=\"es_ES\" \/>\n<meta property=\"og:type\" content=\"article\" \/>\n<meta property=\"og:title\" content=\"Proyectos - RM Surfaces\" \/>\n<meta property=\"og:description\" content=\"[vc_row type=\u00bbfull_width_background\u00bb full_screen_row_position=\u00bbmiddle\u00bb column_margin=\u00bbdefault\u00bb equal_height=\u00bbyes\u00bb content_placement=\u00bbmiddle\u00bb column_direction=\u00bbdefault\u00bb column_direction_tablet=\u00bbdefault\u00bb column_direction_phone=\u00bbdefault\u00bb scene_position=\u00bbcenter\u00bb top_padding=\u00bb8%\u00bb constrain_group_1=\u00bbyes\u00bb bottom_padding=\u00bb8%\u00bb left_padding_desktop=\u00bb4%\u00bb constrain_group_2=\u00bbyes\u00bb right_padding_desktop=\u00bb4%\u00bb text_color=\u00bbdark\u00bb text_align=\u00bbleft\u00bb row_border_radius=\u00bbnone\u00bb row_border_radius_applies=\u00bbbg\u00bb overflow=\u00bbvisible\u00bb overlay_strength=\u00bb0.3&#8243; gradient_direction=\u00bbleft_to_right\u00bb shape_divider_position=\u00bbbottom\u00bb bg_image_animation=\u00bbnone\u00bb gradient_type=\u00bbdefault\u00bb shape_type=\u00bb\u00bb][vc_column column_padding=\u00bbno-extra-padding\u00bb column_padding_tablet=\u00bbinherit\u00bb column_padding_phone=\u00bbinherit\u00bb...\" \/>\n<meta property=\"og:url\" content=\"https:\/\/rmsurfaces.es\/es\/proyectos\/\" \/>\n<meta property=\"og:site_name\" content=\"RM Surfaces\" \/>\n<meta property=\"article:modified_time\" content=\"2026-02-16T13:38:03+00:00\" \/>\n<meta name=\"twitter:card\" content=\"summary_large_image\" \/>\n<meta name=\"twitter:label1\" content=\"Tiempo de lectura\" \/>\n\t<meta name=\"twitter:data1\" content=\"4 minutos\" \/>\n<script type=\"application\/ld+json\" class=\"yoast-schema-graph\">{\"@context\":\"https:\/\/schema.org\",\"@graph\":[{\"@type\":\"WebPage\",\"@id\":\"https:\/\/rmsurfaces.es\/es\/proyectos\/\",\"url\":\"https:\/\/rmsurfaces.es\/es\/proyectos\/\",\"name\":\"Proyectos - RM Surfaces\",\"isPartOf\":{\"@id\":\"https:\/\/rmsurfaces.es\/es\/#website\"},\"datePublished\":\"2026-01-29T12:19:20+00:00\",\"dateModified\":\"2026-02-16T13:38:03+00:00\",\"breadcrumb\":{\"@id\":\"https:\/\/rmsurfaces.es\/es\/proyectos\/#breadcrumb\"},\"inLanguage\":\"es\",\"potentialAction\":[{\"@type\":\"ReadAction\",\"target\":[\"https:\/\/rmsurfaces.es\/es\/proyectos\/\"]}]},{\"@type\":\"BreadcrumbList\",\"@id\":\"https:\/\/rmsurfaces.es\/es\/proyectos\/#breadcrumb\",\"itemListElement\":[{\"@type\":\"ListItem\",\"position\":1,\"name\":\"Portada\",\"item\":\"https:\/\/rmsurfaces.es\/es\/\"},{\"@type\":\"ListItem\",\"position\":2,\"name\":\"Proyectos\"}]},{\"@type\":\"WebSite\",\"@id\":\"https:\/\/rmsurfaces.es\/es\/#website\",\"url\":\"https:\/\/rmsurfaces.es\/es\/\",\"name\":\"RM Surfaces\",\"description\":\"Nautral Stone y Porcelain Marbella\",\"potentialAction\":[{\"@type\":\"SearchAction\",\"target\":{\"@type\":\"EntryPoint\",\"urlTemplate\":\"https:\/\/rmsurfaces.es\/es\/?s={search_term_string}\"},\"query-input\":{\"@type\":\"PropertyValueSpecification\",\"valueRequired\":true,\"valueName\":\"search_term_string\"}}],\"inLanguage\":\"es\"}]}<\/script>\n<!-- \/ Yoast SEO plugin. -->","yoast_head_json":{"title":"Proyectos - RM Surfaces","robots":{"index":"index","follow":"follow","max-snippet":"max-snippet:-1","max-image-preview":"max-image-preview:large","max-video-preview":"max-video-preview:-1"},"canonical":"https:\/\/rmsurfaces.es\/es\/proyectos\/","og_locale":"es_ES","og_type":"article","og_title":"Proyectos - RM Surfaces","og_description":"[vc_row type=\u00bbfull_width_background\u00bb full_screen_row_position=\u00bbmiddle\u00bb column_margin=\u00bbdefault\u00bb equal_height=\u00bbyes\u00bb content_placement=\u00bbmiddle\u00bb column_direction=\u00bbdefault\u00bb column_direction_tablet=\u00bbdefault\u00bb column_direction_phone=\u00bbdefault\u00bb scene_position=\u00bbcenter\u00bb top_padding=\u00bb8%\u00bb constrain_group_1=\u00bbyes\u00bb bottom_padding=\u00bb8%\u00bb left_padding_desktop=\u00bb4%\u00bb constrain_group_2=\u00bbyes\u00bb right_padding_desktop=\u00bb4%\u00bb text_color=\u00bbdark\u00bb text_align=\u00bbleft\u00bb row_border_radius=\u00bbnone\u00bb row_border_radius_applies=\u00bbbg\u00bb overflow=\u00bbvisible\u00bb overlay_strength=\u00bb0.3&#8243; gradient_direction=\u00bbleft_to_right\u00bb shape_divider_position=\u00bbbottom\u00bb bg_image_animation=\u00bbnone\u00bb gradient_type=\u00bbdefault\u00bb shape_type=\u00bb\u00bb][vc_column column_padding=\u00bbno-extra-padding\u00bb column_padding_tablet=\u00bbinherit\u00bb column_padding_phone=\u00bbinherit\u00bb...","og_url":"https:\/\/rmsurfaces.es\/es\/proyectos\/","og_site_name":"RM Surfaces","article_modified_time":"2026-02-16T13:38:03+00:00","twitter_card":"summary_large_image","twitter_misc":{"Tiempo de lectura":"4 minutos"},"schema":{"@context":"https:\/\/schema.org","@graph":[{"@type":"WebPage","@id":"https:\/\/rmsurfaces.es\/es\/proyectos\/","url":"https:\/\/rmsurfaces.es\/es\/proyectos\/","name":"Proyectos - RM Surfaces","isPartOf":{"@id":"https:\/\/rmsurfaces.es\/es\/#website"},"datePublished":"2026-01-29T12:19:20+00:00","dateModified":"2026-02-16T13:38:03+00:00","breadcrumb":{"@id":"https:\/\/rmsurfaces.es\/es\/proyectos\/#breadcrumb"},"inLanguage":"es","potentialAction":[{"@type":"ReadAction","target":["https:\/\/rmsurfaces.es\/es\/proyectos\/"]}]},{"@type":"BreadcrumbList","@id":"https:\/\/rmsurfaces.es\/es\/proyectos\/#breadcrumb","itemListElement":[{"@type":"ListItem","position":1,"name":"Portada","item":"https:\/\/rmsurfaces.es\/es\/"},{"@type":"ListItem","position":2,"name":"Proyectos"}]},{"@type":"WebSite","@id":"https:\/\/rmsurfaces.es\/es\/#website","url":"https:\/\/rmsurfaces.es\/es\/","name":"RM Surfaces","description":"Nautral Stone y Porcelain Marbella","potentialAction":[{"@type":"SearchAction","target":{"@type":"EntryPoint","urlTemplate":"https:\/\/rmsurfaces.es\/es\/?s={search_term_string}"},"query-input":{"@type":"PropertyValueSpecification","valueRequired":true,"valueName":"search_term_string"}}],"inLanguage":"es"}]}},"_links":{"self":[{"href":"https:\/\/rmsurfaces.es\/es\/wp-json\/wp\/v2\/pages\/1188","targetHints":{"allow":["GET"]}}],"collection":[{"href":"https:\/\/rmsurfaces.es\/es\/wp-json\/wp\/v2\/pages"}],"about":[{"href":"https:\/\/rmsurfaces.es\/es\/wp-json\/wp\/v2\/types\/page"}],"author":[{"embeddable":true,"href":"https:\/\/rmsurfaces.es\/es\/wp-json\/wp\/v2\/users\/1"}],"replies":[{"embeddable":true,"href":"https:\/\/rmsurfaces.es\/es\/wp-json\/wp\/v2\/comments?post=1188"}],"version-history":[{"count":2,"href":"https:\/\/rmsurfaces.es\/es\/wp-json\/wp\/v2\/pages\/1188\/revisions"}],"predecessor-version":[{"id":1190,"href":"https:\/\/rmsurfaces.es\/es\/wp-json\/wp\/v2\/pages\/1188\/revisions\/1190"}],"wp:attachment":[{"href":"https:\/\/rmsurfaces.es\/es\/wp-json\/wp\/v2\/media?parent=1188"}],"curies":[{"name":"wp","href":"https:\/\/api.w.org\/{rel}","templated":true}]}}