{"id":1218,"date":"2026-02-16T12:13:25","date_gmt":"2026-02-16T12:13:25","guid":{"rendered":"https:\/\/rmsurfaces.es\/sobre-nosotros-2\/"},"modified":"2026-02-16T13:40:22","modified_gmt":"2026-02-16T13:40:22","slug":"sobre-nosotros-2","status":"publish","type":"page","link":"https:\/\/rmsurfaces.es\/es\/sobre-nosotros-2\/","title":{"rendered":"Sobre nosotros"},"content":{"rendered":"[vc_row type=\u00bbin_container\u00bb full_screen_row_position=\u00bbmiddle\u00bb column_margin=\u00bbdefault\u00bb column_direction=\u00bbdefault\u00bb column_direction_tablet=\u00bbdefault\u00bb column_direction_phone=\u00bbdefault\u00bb scene_position=\u00bbcenter\u00bb top_padding=\u00bb8%\u00bb bottom_padding=\u00bb4%\u00bb constrain_group_3=\u00bbyes\u00bb top_padding_phone=\u00bb20%\u00bb bottom_padding_phone=\u00bb0%\u00bb text_color=\u00bbdark\u00bb text_align=\u00bbleft\u00bb row_border_radius=\u00bbnone\u00bb row_border_radius_applies=\u00bbbg\u00bb overflow=\u00bbvisible\u00bb overlay_strength=\u00bb0.3&#8243; gradient_direction=\u00bbleft_to_right\u00bb shape_divider_position=\u00bbbottom\u00bb bg_image_animation=\u00bbnone\u00bb gradient_type=\u00bbdefault\u00bb shape_type=\u00bb\u00bb][vc_column column_padding=\u00bbno-extra-padding\u00bb column_padding_tablet=\u00bbinherit\u00bb column_padding_phone=\u00bbinherit\u00bb column_padding_position=\u00bball\u00bb column_element_direction_desktop=\u00bbdefault\u00bb column_element_spacing=\u00bbdefault\u00bb desktop_text_alignment=\u00bbdefault\u00bb tablet_text_alignment=\u00bbdefault\u00bb phone_text_alignment=\u00bbdefault\u00bb background_color_opacity=\u00bb1&#8243; background_hover_color_opacity=\u00bb1&#8243; column_backdrop_filter=\u00bbnone\u00bb column_shadow=\u00bbnone\u00bb column_border_radius=\u00bbnone\u00bb column_link_target=\u00bb_self\u00bb column_position=\u00bbdefault\u00bb gradient_direction=\u00bbleft_to_right\u00bb overlay_strength=\u00bb0.3&#8243; width=\u00bb1\/1&#8243; tablet_width_inherit=\u00bbdefault\u00bb animation_type=\u00bbdefault\u00bb bg_image_animation=\u00bbnone\u00bb border_type=\u00bbsimple\u00bb column_border_width=\u00bbnone\u00bb column_border_style=\u00bbsolid\u00bb][vc_column_text css=\u00bb\u00bb text_direction=\u00bbdefault\u00bb]\n<h1>Creando<br \/>espacios<br \/>atemporales.<\/h1>\n[\/vc_column_text][\/vc_column][\/vc_row][vc_row type=\u00bbfull_width_content\u00bb full_screen_row_position=\u00bbmiddle\u00bb column_margin=\u00bbdefault\u00bb column_direction=\u00bbdefault\u00bb column_direction_tablet=\u00bbdefault\u00bb column_direction_phone=\u00bbdefault\u00bb bg_image=\u00bb893&#8243; bg_position=\u00bbcenter center\u00bb background_image_loading=\u00bbdefault\u00bb bg_repeat=\u00bbno-repeat\u00bb scene_position=\u00bbcenter\u00bb text_color=\u00bbdark\u00bb text_align=\u00bbleft\u00bb row_border_radius=\u00bbnone\u00bb row_border_radius_applies=\u00bbbg\u00bb overflow=\u00bbvisible\u00bb overlay_strength=\u00bb0.3&#8243; gradient_direction=\u00bbleft_to_right\u00bb shape_divider_position=\u00bbbottom\u00bb bg_image_animation=\u00bbclip-path\u00bb clip_path_animation_type=\u00bbscroll\u00bb clip_path_animation_applies=\u00bbrow\u00bb clip_path_start_left_desktop=\u00bb10%\u00bb clip_path_start_right_desktop=\u00bb10%\u00bb clip_path_end_left_desktop=\u00bb0%\u00bb clip_path_end_right_desktop=\u00bb0%\u00bb clip_path_start_roundness=\u00bb20px\u00bb clip_path_end_roundness=\u00bb0px\u00bb animation_trigger_offset=\u00bb0.00,100.00&#8243; animation_trigger_origin=\u00bbtop\u00bb parallax_bg=\u00bbtrue\u00bb parallax_bg_speed=\u00bbfast\u00bb gradient_type=\u00bbdefault\u00bb shape_type=\u00bb\u00bb][vc_column column_padding=\u00bbno-extra-padding\u00bb column_padding_tablet=\u00bbinherit\u00bb column_padding_phone=\u00bbinherit\u00bb column_padding_position=\u00bball\u00bb column_element_direction_desktop=\u00bbdefault\u00bb column_element_spacing=\u00bbdefault\u00bb desktop_text_alignment=\u00bbdefault\u00bb tablet_text_alignment=\u00bbdefault\u00bb phone_text_alignment=\u00bbdefault\u00bb background_color_opacity=\u00bb1&#8243; background_hover_color_opacity=\u00bb1&#8243; column_backdrop_filter=\u00bbnone\u00bb column_shadow=\u00bbnone\u00bb column_border_radius=\u00bbnone\u00bb column_link_target=\u00bb_self\u00bb column_position=\u00bbdefault\u00bb gradient_direction=\u00bbleft_to_right\u00bb overlay_strength=\u00bb0.3&#8243; width=\u00bb1\/1&#8243; tablet_width_inherit=\u00bbdefault\u00bb animation_type=\u00bbdefault\u00bb bg_image_animation=\u00bbnone\u00bb border_type=\u00bbsimple\u00bb column_border_width=\u00bbnone\u00bb column_border_style=\u00bbsolid\u00bb][divider line_type=\u00bbNo Line\u00bb custom_height=\u00bb80vh\u00bb custom_height_phone=\u00bb50vh\u00bb][\/vc_column][\/vc_row][vc_row type=\u00bbin_container\u00bb full_screen_row_position=\u00bbmiddle\u00bb column_margin=\u00bbdefault\u00bb equal_height=\u00bbyes\u00bb content_placement=\u00bbmiddle\u00bb column_direction=\u00bbdefault\u00bb column_direction_tablet=\u00bbdefault\u00bb column_direction_phone=\u00bbcolumn_reverse\u00bb scene_position=\u00bbcenter\u00bb top_padding=\u00bb15%\u00bb bottom_padding=\u00bb5%\u00bb constrain_group_3=\u00bbyes\u00bb top_padding_phone=\u00bb10%\u00bb constrain_group_5=\u00bbyes\u00bb bottom_padding_phone=\u00bb10%\u00bb text_color=\u00bbdark\u00bb text_align=\u00bbleft\u00bb row_border_radius=\u00bbnone\u00bb row_border_radius_applies=\u00bbbg\u00bb overflow=\u00bbvisible\u00bb id=\u00bbshowroom\u00bb overlay_strength=\u00bb0.3&#8243; gradient_direction=\u00bbleft_to_right\u00bb shape_divider_position=\u00bbbottom\u00bb bg_image_animation=\u00bbnone\u00bb gradient_type=\u00bbdefault\u00bb shape_type=\u00bb\u00bb][vc_column column_padding=\u00bbno-extra-padding\u00bb column_padding_tablet=\u00bbinherit\u00bb column_padding_phone=\u00bbinherit\u00bb column_padding_position=\u00bball\u00bb column_element_direction_desktop=\u00bbdefault\u00bb column_element_spacing=\u00bbdefault\u00bb desktop_text_alignment=\u00bbdefault\u00bb tablet_text_alignment=\u00bbdefault\u00bb phone_text_alignment=\u00bbdefault\u00bb background_color_opacity=\u00bb1&#8243; background_hover_color_opacity=\u00bb1&#8243; column_backdrop_filter=\u00bbnone\u00bb column_shadow=\u00bbnone\u00bb column_border_radius=\u00bbnone\u00bb column_link_target=\u00bb_self\u00bb column_position=\u00bbdefault\u00bb gradient_direction=\u00bbleft_to_right\u00bb overlay_strength=\u00bb0.3&#8243; width=\u00bb1\/2&#8243; tablet_width_inherit=\u00bbdefault\u00bb animation_type=\u00bbdefault\u00bb bg_image_animation=\u00bbnone\u00bb border_type=\u00bbsimple\u00bb column_border_width=\u00bbnone\u00bb column_border_style=\u00bbsolid\u00bb][vc_gallery css=\u00bb\u00bb type=\u00bbimage_grid\u00bb images=\u00bb1159,1160,1161,1162&#8243; image_grid_loading=\u00bbdefault\u00bb layout=\u00bb2&#8243; item_spacing=\u00bb5px\u00bb gallery_style=\u00bb7&#8243; load_in_animation=\u00bbfade_in_from_bottom\u00bb][\/vc_column][vc_column column_padding=\u00bbno-extra-padding\u00bb column_padding_tablet=\u00bbinherit\u00bb column_padding_phone=\u00bbinherit\u00bb column_padding_position=\u00bball\u00bb column_element_direction_desktop=\u00bbdefault\u00bb column_element_spacing=\u00bbdefault\u00bb desktop_text_alignment=\u00bbdefault\u00bb tablet_text_alignment=\u00bbdefault\u00bb phone_text_alignment=\u00bbdefault\u00bb background_color_opacity=\u00bb1&#8243; background_hover_color_opacity=\u00bb1&#8243; column_backdrop_filter=\u00bbnone\u00bb column_shadow=\u00bbnone\u00bb column_border_radius=\u00bbnone\u00bb column_link_target=\u00bb_self\u00bb column_position=\u00bbdefault\u00bb gradient_direction=\u00bbleft_to_right\u00bb overlay_strength=\u00bb0.3&#8243; width=\u00bb1\/2&#8243; tablet_width_inherit=\u00bbdefault\u00bb animation_type=\u00bbdefault\u00bb bg_image_animation=\u00bbnone\u00bb border_type=\u00bbsimple\u00bb column_border_width=\u00bbnone\u00bb column_border_style=\u00bbsolid\u00bb][vc_column_text css=\u00bb\u00bb text_direction=\u00bbdefault\u00bb max_width=\u00bb600px\u00bb]\n<p data-start=\"138\" data-end=\"395\">En <strong data-start=\"141\" data-end=\"156\">RM Surfaces<\/strong>, dise\u00f1amos m\u00e1s que espacios: creamos estilos de vida. Nuestra filosof\u00eda combina simplicidad y elegancia para lograr resultados excepcionales y exclusivos, donde cada entorno se convierte en un reflejo de la personalidad de su propietario. <\/p>\n<p data-start=\"397\" data-end=\"659\">Con m\u00e1s de 40 a\u00f1os de experiencia colaborando con las mejores canteras del mundo, estamos especializados en piedra natural y porcel\u00e1nico. Desde la cantera hasta la instalaci\u00f3n, ofrecemos asesoramiento t\u00e9cnico experto y visi\u00f3n de dise\u00f1o en cada etapa del proceso. <\/p>\n<p data-start=\"661\" data-end=\"970\">Impulsados por una profunda pasi\u00f3n por la piedra natural, creamos espacios extraordinarios y atemporales, combinando artesan\u00eda, innovaci\u00f3n y sostenibilidad. Fundada por Antonio y Justin, RM Surfaces nace de una visi\u00f3n compartida: transformar la materia prima en arte, creando espacios que inspiran y perduran. <\/p>\n[\/vc_column_text][\/vc_column][\/vc_row][vc_row type=\u00bbin_container\u00bb full_screen_row_position=\u00bbmiddle\u00bb column_margin=\u00bbdefault\u00bb column_direction=\u00bbdefault\u00bb column_direction_tablet=\u00bbdefault\u00bb column_direction_phone=\u00bbdefault\u00bb scene_position=\u00bbcenter\u00bb top_padding=\u00bb10%\u00bb constrain_group_3=\u00bbyes\u00bb top_padding_phone=\u00bb20%\u00bb text_color=\u00bbdark\u00bb text_align=\u00bbleft\u00bb row_border_radius=\u00bbnone\u00bb row_border_radius_applies=\u00bbbg\u00bb overflow=\u00bbvisible\u00bb overlay_strength=\u00bb0.3&#8243; gradient_direction=\u00bbleft_to_right\u00bb shape_divider_position=\u00bbbottom\u00bb bg_image_animation=\u00bbnone\u00bb gradient_type=\u00bbdefault\u00bb shape_type=\u00bb\u00bb][vc_column column_padding=\u00bbno-extra-padding\u00bb column_padding_tablet=\u00bbinherit\u00bb column_padding_phone=\u00bbinherit\u00bb column_padding_position=\u00bball\u00bb column_element_direction_desktop=\u00bbdefault\u00bb column_element_spacing=\u00bbdefault\u00bb desktop_text_alignment=\u00bbdefault\u00bb tablet_text_alignment=\u00bbdefault\u00bb phone_text_alignment=\u00bbdefault\u00bb background_color_opacity=\u00bb1&#8243; background_hover_color_opacity=\u00bb1&#8243; column_backdrop_filter=\u00bbnone\u00bb column_shadow=\u00bbnone\u00bb column_border_radius=\u00bbnone\u00bb column_link_target=\u00bb_self\u00bb column_position=\u00bbdefault\u00bb gradient_direction=\u00bbleft_to_right\u00bb overlay_strength=\u00bb0.3&#8243; width=\u00bb1\/1&#8243; tablet_width_inherit=\u00bbdefault\u00bb animation_type=\u00bbdefault\u00bb bg_image_animation=\u00bbnone\u00bb border_type=\u00bbsimple\u00bb column_border_width=\u00bbnone\u00bb column_border_style=\u00bbsolid\u00bb][vc_column_text css=\u00bb.vc_custom_1771243894372{margin-bottom: 15px !important;}\u00bb text_direction=\u00bbdefault\u00bb]\n<h1>El arte de crear<br data-start=\"990\" data-end=\"993\">espacios excepcionales.<\/h1>\n[\/vc_column_text][nectar_cta btn_style=\u00bbunderline\u00bb heading_tag=\u00bbp\u00bb button_color=\u00bbdefault\u00bb text_color=\u00bb#ffffff\u00bb button_border_thickness=\u00bb0px\u00bb link_type=\u00bbregular\u00bb alignment=\u00bbleft\u00bb alignment_tablet=\u00bbdefault\u00bb alignment_phone=\u00bbdefault\u00bb display=\u00bbblock\u00bb display_tablet=\u00bbinherit\u00bb display_phone=\u00bbinherit\u00bb icon_family=\u00bbnone\u00bb url=\u00bbhttps:\/\/rmsurfaces.es\/es\/coleccion\/\u00bb link_text=\u00bbNUESTRA PROPUESTA\u00bb][divider line_type=\u00bbNo Line\u00bb custom_height=\u00bb30px\u00bb][nectar_post_grid post_type=\u00bbportfolio\u00bb portfolio_category=\u00bball\u00bb portfolio_starting_category=\u00bball\u00bb order=\u00bbDESC\u00bb orderby=\u00bbrand\u00bb flickity_controls=\u00bbnext_prev_arrows_overlaid\u00bb flickity_overflow=\u00bbvisible\u00bb flickity_wrap_around=\u00bbno-wrap\u00bb columns=\u00bb3&#8243; columns_tablet=\u00bbdefault\u00bb columns_phone=\u00bbdefault\u00bb desktop_small_cols_flickity=\u00bbdefault\u00bb tablet_cols_flickity=\u00bbdefault\u00bb phone_cols_flickity=\u00bbdefault\u00bb grid_item_spacing=\u00bb10px\u00bb grid_item_height=\u00bb30vh\u00bb 3_col_masonry_layout=\u00bbdefault\u00bb image_size=\u00bbfull\u00bb overlaid_aspect_ratio_image_size=\u00bbyes\u00bb overlaid_custom_image_aspect_ratio=\u00bb4-3&#8243; image_loading=\u00bblazy-load\u00bb animation=\u00bbnone\u00bb animation_stagger=\u00bb90&#8243; animation_easing=\u00bbdefault\u00bb parallax_scrolling=\u00bbyes\u00bb heading_tag=\u00bbh3&#8243; font_size_max=\u00bb54px\u00bb display_categories=\u00bbyes\u00bb category_functionality=\u00bbstatic\u00bb category_position=\u00bboverlaid\u00bb category_style=\u00bbbutton\u00bb category_button_color=\u00bbrgba(10,10,10,0.2)\u00bb category_display=\u00bbdefault\u00bb additional_meta_size=\u00bbdefault\u00bb custom_fields_location=\u00bbbefore_post_meta\u00bb grid_style=\u00bbcontent_overlaid\u00bb text_content_layout=\u00bbcorners\u00bb color_overlay=\u00bb#0a0a0a\u00bb color_overlay_opacity=\u00bb0&#8243; color_overlay_hover_opacity=\u00bb0.2&#8243; text_color=\u00bblight\u00bb text_color_hover=\u00bblight\u00bb text_opacity=\u00bb1&#8243; text_hover_opacity=\u00bb1&#8243; hover_effect=\u00bbzoom\u00bb border_radius=\u00bb25px\u00bb display_type=\u00bbcarousel\u00bb custom_font_size=\u00bb3vw\u00bb image_loading_lazy_skip=\u00bb3&#8243; font_size_tablet=\u00bb5vw\u00bb font_size_phone=\u00bb34px\u00bb][\/vc_column][\/vc_row]\n","protected":false},"excerpt":{"rendered":"<p>[vc_row type=\u00bbin_container\u00bb full_screen_row_position=\u00bbmiddle\u00bb column_margin=\u00bbdefault\u00bb column_direction=\u00bbdefault\u00bb column_direction_tablet=\u00bbdefault\u00bb column_direction_phone=\u00bbdefault\u00bb scene_position=\u00bbcenter\u00bb top_padding=\u00bb8%\u00bb bottom_padding=\u00bb4%\u00bb constrain_group_3=\u00bbyes\u00bb top_padding_phone=\u00bb20%\u00bb bottom_padding_phone=\u00bb0%\u00bb text_color=\u00bbdark\u00bb text_align=\u00bbleft\u00bb row_border_radius=\u00bbnone\u00bb row_border_radius_applies=\u00bbbg\u00bb overflow=\u00bbvisible\u00bb overlay_strength=\u00bb0.3&#8243; gradient_direction=\u00bbleft_to_right\u00bb shape_divider_position=\u00bbbottom\u00bb bg_image_animation=\u00bbnone\u00bb gradient_type=\u00bbdefault\u00bb shape_type=\u00bb\u00bb][vc_column column_padding=\u00bbno-extra-padding\u00bb column_padding_tablet=\u00bbinherit\u00bb column_padding_phone=\u00bbinherit\u00bb column_padding_position=\u00bball\u00bb column_element_direction_desktop=\u00bbdefault\u00bb column_element_spacing=\u00bbdefault\u00bb&#8230;<\/p>\n","protected":false},"author":1,"featured_media":1163,"parent":0,"menu_order":0,"comment_status":"closed","ping_status":"closed","template":"","meta":{"_acf_changed":false,"inline_featured_image":false,"footnotes":""},"class_list":["post-1218","page","type-page","status-publish","has-post-thumbnail"],"acf":[],"yoast_head":"<!-- This site is optimized with the Yoast SEO plugin v26.3 - https:\/\/yoast.com\/wordpress\/plugins\/seo\/ -->\n<title>Sobre nosotros - RM Surfaces<\/title>\n<meta name=\"description\" content=\"Creamos espacios atemporales en piedra natural y porcel\u00e1nico. Dise\u00f1o exclusivo, artesan\u00eda e innovaci\u00f3n con m\u00e1s de 40 a\u00f1os de experiencia internacional.\" \/>\n<meta name=\"robots\" content=\"index, follow, max-snippet:-1, max-image-preview:large, max-video-preview:-1\" \/>\n<link rel=\"canonical\" href=\"https:\/\/rmsurfaces.es\/es\/sobre-nosotros-2\/\" \/>\n<meta property=\"og:locale\" content=\"es_ES\" \/>\n<meta property=\"og:type\" content=\"article\" \/>\n<meta property=\"og:title\" content=\"Sobre nosotros - RM Surfaces\" \/>\n<meta property=\"og:description\" content=\"Creamos espacios atemporales en piedra natural y porcel\u00e1nico. Dise\u00f1o exclusivo, artesan\u00eda e innovaci\u00f3n con m\u00e1s de 40 a\u00f1os de experiencia internacional.\" \/>\n<meta property=\"og:url\" content=\"https:\/\/rmsurfaces.es\/es\/sobre-nosotros-2\/\" \/>\n<meta property=\"og:site_name\" content=\"RM Surfaces\" \/>\n<meta property=\"article:modified_time\" content=\"2026-02-16T13:40:22+00:00\" \/>\n<meta property=\"og:image\" content=\"https:\/\/rmsurfaces.es\/wp-content\/uploads\/2025\/12\/rm-surfaces-showroom.jpg\" \/>\n\t<meta property=\"og:image:width\" content=\"1500\" \/>\n\t<meta property=\"og:image:height\" content=\"1000\" \/>\n\t<meta property=\"og:image:type\" content=\"image\/jpeg\" \/>\n<meta name=\"twitter:card\" content=\"summary_large_image\" \/>\n<meta name=\"twitter:label1\" content=\"Tiempo de lectura\" \/>\n\t<meta name=\"twitter:data1\" content=\"7 minutos\" \/>\n<script type=\"application\/ld+json\" class=\"yoast-schema-graph\">{\"@context\":\"https:\/\/schema.org\",\"@graph\":[{\"@type\":\"WebPage\",\"@id\":\"https:\/\/rmsurfaces.es\/es\/sobre-nosotros-2\/\",\"url\":\"https:\/\/rmsurfaces.es\/es\/sobre-nosotros-2\/\",\"name\":\"Sobre nosotros - RM Surfaces\",\"isPartOf\":{\"@id\":\"https:\/\/rmsurfaces.es\/es\/#website\"},\"primaryImageOfPage\":{\"@id\":\"https:\/\/rmsurfaces.es\/es\/sobre-nosotros-2\/#primaryimage\"},\"image\":{\"@id\":\"https:\/\/rmsurfaces.es\/es\/sobre-nosotros-2\/#primaryimage\"},\"thumbnailUrl\":\"https:\/\/rmsurfaces.es\/wp-content\/uploads\/2025\/12\/rm-surfaces-showroom.jpg\",\"datePublished\":\"2026-02-16T12:13:25+00:00\",\"dateModified\":\"2026-02-16T13:40:22+00:00\",\"description\":\"Creamos espacios atemporales en piedra natural y porcel\u00e1nico. Dise\u00f1o exclusivo, artesan\u00eda e innovaci\u00f3n con m\u00e1s de 40 a\u00f1os de experiencia internacional.\",\"breadcrumb\":{\"@id\":\"https:\/\/rmsurfaces.es\/es\/sobre-nosotros-2\/#breadcrumb\"},\"inLanguage\":\"es\",\"potentialAction\":[{\"@type\":\"ReadAction\",\"target\":[\"https:\/\/rmsurfaces.es\/es\/sobre-nosotros-2\/\"]}]},{\"@type\":\"ImageObject\",\"inLanguage\":\"es\",\"@id\":\"https:\/\/rmsurfaces.es\/es\/sobre-nosotros-2\/#primaryimage\",\"url\":\"https:\/\/rmsurfaces.es\/wp-content\/uploads\/2025\/12\/rm-surfaces-showroom.jpg\",\"contentUrl\":\"https:\/\/rmsurfaces.es\/wp-content\/uploads\/2025\/12\/rm-surfaces-showroom.jpg\",\"width\":1500,\"height\":1000},{\"@type\":\"BreadcrumbList\",\"@id\":\"https:\/\/rmsurfaces.es\/es\/sobre-nosotros-2\/#breadcrumb\",\"itemListElement\":[{\"@type\":\"ListItem\",\"position\":1,\"name\":\"Portada\",\"item\":\"https:\/\/rmsurfaces.es\/es\/\"},{\"@type\":\"ListItem\",\"position\":2,\"name\":\"Sobre nosotros\"}]},{\"@type\":\"WebSite\",\"@id\":\"https:\/\/rmsurfaces.es\/es\/#website\",\"url\":\"https:\/\/rmsurfaces.es\/es\/\",\"name\":\"RM Surfaces\",\"description\":\"Nautral Stone y Porcelain Marbella\",\"potentialAction\":[{\"@type\":\"SearchAction\",\"target\":{\"@type\":\"EntryPoint\",\"urlTemplate\":\"https:\/\/rmsurfaces.es\/es\/?s={search_term_string}\"},\"query-input\":{\"@type\":\"PropertyValueSpecification\",\"valueRequired\":true,\"valueName\":\"search_term_string\"}}],\"inLanguage\":\"es\"}]}<\/script>\n<!-- \/ Yoast SEO plugin. -->","yoast_head_json":{"title":"Sobre nosotros - RM Surfaces","description":"Creamos espacios atemporales en piedra natural y porcel\u00e1nico. Dise\u00f1o exclusivo, artesan\u00eda e innovaci\u00f3n con m\u00e1s de 40 a\u00f1os de experiencia internacional.","robots":{"index":"index","follow":"follow","max-snippet":"max-snippet:-1","max-image-preview":"max-image-preview:large","max-video-preview":"max-video-preview:-1"},"canonical":"https:\/\/rmsurfaces.es\/es\/sobre-nosotros-2\/","og_locale":"es_ES","og_type":"article","og_title":"Sobre nosotros - RM Surfaces","og_description":"Creamos espacios atemporales en piedra natural y porcel\u00e1nico. Dise\u00f1o exclusivo, artesan\u00eda e innovaci\u00f3n con m\u00e1s de 40 a\u00f1os de experiencia internacional.","og_url":"https:\/\/rmsurfaces.es\/es\/sobre-nosotros-2\/","og_site_name":"RM Surfaces","article_modified_time":"2026-02-16T13:40:22+00:00","og_image":[{"width":1500,"height":1000,"url":"https:\/\/rmsurfaces.es\/wp-content\/uploads\/2025\/12\/rm-surfaces-showroom.jpg","type":"image\/jpeg"}],"twitter_card":"summary_large_image","twitter_misc":{"Tiempo de lectura":"7 minutos"},"schema":{"@context":"https:\/\/schema.org","@graph":[{"@type":"WebPage","@id":"https:\/\/rmsurfaces.es\/es\/sobre-nosotros-2\/","url":"https:\/\/rmsurfaces.es\/es\/sobre-nosotros-2\/","name":"Sobre nosotros - RM Surfaces","isPartOf":{"@id":"https:\/\/rmsurfaces.es\/es\/#website"},"primaryImageOfPage":{"@id":"https:\/\/rmsurfaces.es\/es\/sobre-nosotros-2\/#primaryimage"},"image":{"@id":"https:\/\/rmsurfaces.es\/es\/sobre-nosotros-2\/#primaryimage"},"thumbnailUrl":"https:\/\/rmsurfaces.es\/wp-content\/uploads\/2025\/12\/rm-surfaces-showroom.jpg","datePublished":"2026-02-16T12:13:25+00:00","dateModified":"2026-02-16T13:40:22+00:00","description":"Creamos espacios atemporales en piedra natural y porcel\u00e1nico. Dise\u00f1o exclusivo, artesan\u00eda e innovaci\u00f3n con m\u00e1s de 40 a\u00f1os de experiencia internacional.","breadcrumb":{"@id":"https:\/\/rmsurfaces.es\/es\/sobre-nosotros-2\/#breadcrumb"},"inLanguage":"es","potentialAction":[{"@type":"ReadAction","target":["https:\/\/rmsurfaces.es\/es\/sobre-nosotros-2\/"]}]},{"@type":"ImageObject","inLanguage":"es","@id":"https:\/\/rmsurfaces.es\/es\/sobre-nosotros-2\/#primaryimage","url":"https:\/\/rmsurfaces.es\/wp-content\/uploads\/2025\/12\/rm-surfaces-showroom.jpg","contentUrl":"https:\/\/rmsurfaces.es\/wp-content\/uploads\/2025\/12\/rm-surfaces-showroom.jpg","width":1500,"height":1000},{"@type":"BreadcrumbList","@id":"https:\/\/rmsurfaces.es\/es\/sobre-nosotros-2\/#breadcrumb","itemListElement":[{"@type":"ListItem","position":1,"name":"Portada","item":"https:\/\/rmsurfaces.es\/es\/"},{"@type":"ListItem","position":2,"name":"Sobre nosotros"}]},{"@type":"WebSite","@id":"https:\/\/rmsurfaces.es\/es\/#website","url":"https:\/\/rmsurfaces.es\/es\/","name":"RM Surfaces","description":"Nautral Stone y Porcelain Marbella","potentialAction":[{"@type":"SearchAction","target":{"@type":"EntryPoint","urlTemplate":"https:\/\/rmsurfaces.es\/es\/?s={search_term_string}"},"query-input":{"@type":"PropertyValueSpecification","valueRequired":true,"valueName":"search_term_string"}}],"inLanguage":"es"}]}},"_links":{"self":[{"href":"https:\/\/rmsurfaces.es\/es\/wp-json\/wp\/v2\/pages\/1218","targetHints":{"allow":["GET"]}}],"collection":[{"href":"https:\/\/rmsurfaces.es\/es\/wp-json\/wp\/v2\/pages"}],"about":[{"href":"https:\/\/rmsurfaces.es\/es\/wp-json\/wp\/v2\/types\/page"}],"author":[{"embeddable":true,"href":"https:\/\/rmsurfaces.es\/es\/wp-json\/wp\/v2\/users\/1"}],"replies":[{"embeddable":true,"href":"https:\/\/rmsurfaces.es\/es\/wp-json\/wp\/v2\/comments?post=1218"}],"version-history":[{"count":3,"href":"https:\/\/rmsurfaces.es\/es\/wp-json\/wp\/v2\/pages\/1218\/revisions"}],"predecessor-version":[{"id":1221,"href":"https:\/\/rmsurfaces.es\/es\/wp-json\/wp\/v2\/pages\/1218\/revisions\/1221"}],"wp:featuredmedia":[{"embeddable":true,"href":"https:\/\/rmsurfaces.es\/es\/wp-json\/wp\/v2\/media\/1163"}],"wp:attachment":[{"href":"https:\/\/rmsurfaces.es\/es\/wp-json\/wp\/v2\/media?parent=1218"}],"curies":[{"name":"wp","href":"https:\/\/api.w.org\/{rel}","templated":true}]}}