{"id":1331,"date":"2026-01-27T13:14:17","date_gmt":"2026-01-27T13:14:17","guid":{"rendered":"https:\/\/rmsurfaces.es\/product\/gris-rubina\/"},"modified":"2026-01-27T13:14:17","modified_gmt":"2026-01-27T13:14:17","slug":"gris-rubina","status":"publish","type":"product","link":"https:\/\/rmsurfaces.es\/es\/product\/gris-rubina\/","title":{"rendered":"Gris Rubi\u00f1a"},"content":{"rendered":"<p><strong>Gris Rubi\u00f1a<\/strong> es un m\u00e1rmol natural sofisticado, definido por sus sutiles tonos grises y su delicado veteado. Su equilibrada paleta crom\u00e1tica aporta armon\u00eda y elegancia moderna, siendo la elecci\u00f3n ideal para dise\u00f1os minimalistas que buscan serenidad y estilo.<\/p>\n<p>Vers\u00e1til y refinado, el Gris Rubi\u00f1a realza interiores cl\u00e1sicos y contempor\u00e1neos, aportando un toque de lujo discreto a cualquier superficie.<\/p>\n","protected":false},"featured_media":1330,"template":"","meta":{"_acf_changed":false,"inline_featured_image":false},"tipo":[64,61],"class_list":{"0":"post-1331","1":"product","2":"type-product","3":"status-publish","4":"has-post-thumbnail","6":"tipo-marmol","7":"tipo-piedra-natural"},"acf":[],"yoast_head":"<!-- This site is optimized with the Yoast SEO plugin v26.3 - https:\/\/yoast.com\/wordpress\/plugins\/seo\/ -->\n<title>Gris Rubi\u00f1a - RM Surfaces<\/title>\n<meta name=\"robots\" content=\"index, follow, max-snippet:-1, max-image-preview:large, max-video-preview:-1\" \/>\n<link rel=\"canonical\" href=\"https:\/\/rmsurfaces.es\/es\/product\/gris-rubina\/\" \/>\n<meta property=\"og:locale\" content=\"es_ES\" \/>\n<meta property=\"og:type\" content=\"article\" \/>\n<meta property=\"og:title\" content=\"Gris Rubi\u00f1a - RM Surfaces\" \/>\n<meta property=\"og:description\" content=\"Gris Rubi\u00f1a es un m\u00e1rmol natural sofisticado, definido por sus sutiles tonos grises y su delicado veteado. Su equilibrada paleta crom\u00e1tica aporta armon\u00eda y elegancia moderna, siendo la elecci\u00f3n ideal...\" \/>\n<meta property=\"og:url\" content=\"https:\/\/rmsurfaces.es\/es\/product\/gris-rubina\/\" \/>\n<meta property=\"og:site_name\" content=\"RM Surfaces\" \/>\n<meta property=\"og:image\" content=\"https:\/\/rmsurfaces.es\/wp-content\/uploads\/2025\/11\/gris-rubina-rm-surfaces.jpg\" \/>\n\t<meta property=\"og:image:width\" content=\"1920\" \/>\n\t<meta property=\"og:image:height\" content=\"1149\" \/>\n\t<meta property=\"og:image:type\" content=\"image\/jpeg\" \/>\n<meta name=\"twitter:card\" content=\"summary_large_image\" \/>\n<script type=\"application\/ld+json\" class=\"yoast-schema-graph\">{\"@context\":\"https:\/\/schema.org\",\"@graph\":[{\"@type\":\"WebPage\",\"@id\":\"https:\/\/rmsurfaces.es\/es\/product\/gris-rubina\/\",\"url\":\"https:\/\/rmsurfaces.es\/es\/product\/gris-rubina\/\",\"name\":\"Gris Rubi\u00f1a - RM Surfaces\",\"isPartOf\":{\"@id\":\"https:\/\/rmsurfaces.es\/es\/#website\"},\"primaryImageOfPage\":{\"@id\":\"https:\/\/rmsurfaces.es\/es\/product\/gris-rubina\/#primaryimage\"},\"image\":{\"@id\":\"https:\/\/rmsurfaces.es\/es\/product\/gris-rubina\/#primaryimage\"},\"thumbnailUrl\":\"https:\/\/rmsurfaces.es\/wp-content\/uploads\/2025\/11\/gris-rubina-rm-surfaces.jpg\",\"datePublished\":\"2026-01-27T13:14:17+00:00\",\"breadcrumb\":{\"@id\":\"https:\/\/rmsurfaces.es\/es\/product\/gris-rubina\/#breadcrumb\"},\"inLanguage\":\"es\",\"potentialAction\":[{\"@type\":\"ReadAction\",\"target\":[\"https:\/\/rmsurfaces.es\/es\/product\/gris-rubina\/\"]}]},{\"@type\":\"ImageObject\",\"inLanguage\":\"es\",\"@id\":\"https:\/\/rmsurfaces.es\/es\/product\/gris-rubina\/#primaryimage\",\"url\":\"https:\/\/rmsurfaces.es\/wp-content\/uploads\/2025\/11\/gris-rubina-rm-surfaces.jpg\",\"contentUrl\":\"https:\/\/rmsurfaces.es\/wp-content\/uploads\/2025\/11\/gris-rubina-rm-surfaces.jpg\",\"width\":1920,\"height\":1149},{\"@type\":\"BreadcrumbList\",\"@id\":\"https:\/\/rmsurfaces.es\/es\/product\/gris-rubina\/#breadcrumb\",\"itemListElement\":[{\"@type\":\"ListItem\",\"position\":1,\"name\":\"Portada\",\"item\":\"https:\/\/rmsurfaces.es\/es\/\"},{\"@type\":\"ListItem\",\"position\":2,\"name\":\"Products\",\"item\":\"https:\/\/rmsurfaces.es\/es\/product\/\"},{\"@type\":\"ListItem\",\"position\":3,\"name\":\"Gris Rubi\u00f1a\"}]},{\"@type\":\"WebSite\",\"@id\":\"https:\/\/rmsurfaces.es\/es\/#website\",\"url\":\"https:\/\/rmsurfaces.es\/es\/\",\"name\":\"RM Surfaces\",\"description\":\"Nautral Stone y Porcelain Marbella\",\"potentialAction\":[{\"@type\":\"SearchAction\",\"target\":{\"@type\":\"EntryPoint\",\"urlTemplate\":\"https:\/\/rmsurfaces.es\/es\/?s={search_term_string}\"},\"query-input\":{\"@type\":\"PropertyValueSpecification\",\"valueRequired\":true,\"valueName\":\"search_term_string\"}}],\"inLanguage\":\"es\"}]}<\/script>\n<!-- \/ Yoast SEO plugin. -->","yoast_head_json":{"title":"Gris Rubi\u00f1a - RM Surfaces","robots":{"index":"index","follow":"follow","max-snippet":"max-snippet:-1","max-image-preview":"max-image-preview:large","max-video-preview":"max-video-preview:-1"},"canonical":"https:\/\/rmsurfaces.es\/es\/product\/gris-rubina\/","og_locale":"es_ES","og_type":"article","og_title":"Gris Rubi\u00f1a - RM Surfaces","og_description":"Gris Rubi\u00f1a es un m\u00e1rmol natural sofisticado, definido por sus sutiles tonos grises y su delicado veteado. Su equilibrada paleta crom\u00e1tica aporta armon\u00eda y elegancia moderna, siendo la elecci\u00f3n ideal...","og_url":"https:\/\/rmsurfaces.es\/es\/product\/gris-rubina\/","og_site_name":"RM Surfaces","og_image":[{"width":1920,"height":1149,"url":"https:\/\/rmsurfaces.es\/wp-content\/uploads\/2025\/11\/gris-rubina-rm-surfaces.jpg","type":"image\/jpeg"}],"twitter_card":"summary_large_image","schema":{"@context":"https:\/\/schema.org","@graph":[{"@type":"WebPage","@id":"https:\/\/rmsurfaces.es\/es\/product\/gris-rubina\/","url":"https:\/\/rmsurfaces.es\/es\/product\/gris-rubina\/","name":"Gris Rubi\u00f1a - RM Surfaces","isPartOf":{"@id":"https:\/\/rmsurfaces.es\/es\/#website"},"primaryImageOfPage":{"@id":"https:\/\/rmsurfaces.es\/es\/product\/gris-rubina\/#primaryimage"},"image":{"@id":"https:\/\/rmsurfaces.es\/es\/product\/gris-rubina\/#primaryimage"},"thumbnailUrl":"https:\/\/rmsurfaces.es\/wp-content\/uploads\/2025\/11\/gris-rubina-rm-surfaces.jpg","datePublished":"2026-01-27T13:14:17+00:00","breadcrumb":{"@id":"https:\/\/rmsurfaces.es\/es\/product\/gris-rubina\/#breadcrumb"},"inLanguage":"es","potentialAction":[{"@type":"ReadAction","target":["https:\/\/rmsurfaces.es\/es\/product\/gris-rubina\/"]}]},{"@type":"ImageObject","inLanguage":"es","@id":"https:\/\/rmsurfaces.es\/es\/product\/gris-rubina\/#primaryimage","url":"https:\/\/rmsurfaces.es\/wp-content\/uploads\/2025\/11\/gris-rubina-rm-surfaces.jpg","contentUrl":"https:\/\/rmsurfaces.es\/wp-content\/uploads\/2025\/11\/gris-rubina-rm-surfaces.jpg","width":1920,"height":1149},{"@type":"BreadcrumbList","@id":"https:\/\/rmsurfaces.es\/es\/product\/gris-rubina\/#breadcrumb","itemListElement":[{"@type":"ListItem","position":1,"name":"Portada","item":"https:\/\/rmsurfaces.es\/es\/"},{"@type":"ListItem","position":2,"name":"Products","item":"https:\/\/rmsurfaces.es\/es\/product\/"},{"@type":"ListItem","position":3,"name":"Gris Rubi\u00f1a"}]},{"@type":"WebSite","@id":"https:\/\/rmsurfaces.es\/es\/#website","url":"https:\/\/rmsurfaces.es\/es\/","name":"RM Surfaces","description":"Nautral Stone y Porcelain Marbella","potentialAction":[{"@type":"SearchAction","target":{"@type":"EntryPoint","urlTemplate":"https:\/\/rmsurfaces.es\/es\/?s={search_term_string}"},"query-input":{"@type":"PropertyValueSpecification","valueRequired":true,"valueName":"search_term_string"}}],"inLanguage":"es"}]}},"_links":{"self":[{"href":"https:\/\/rmsurfaces.es\/es\/wp-json\/wp\/v2\/product\/1331","targetHints":{"allow":["GET"]}}],"collection":[{"href":"https:\/\/rmsurfaces.es\/es\/wp-json\/wp\/v2\/product"}],"about":[{"href":"https:\/\/rmsurfaces.es\/es\/wp-json\/wp\/v2\/types\/product"}],"wp:featuredmedia":[{"embeddable":true,"href":"https:\/\/rmsurfaces.es\/es\/wp-json\/wp\/v2\/media\/1330"}],"wp:attachment":[{"href":"https:\/\/rmsurfaces.es\/es\/wp-json\/wp\/v2\/media?parent=1331"}],"wp:term":[{"taxonomy":"tipo","embeddable":true,"href":"https:\/\/rmsurfaces.es\/es\/wp-json\/wp\/v2\/tipo?post=1331"}],"curies":[{"name":"wp","href":"https:\/\/api.w.org\/{rel}","templated":true}]}}